{"id":79,"date":"2026-02-22T23:24:26","date_gmt":"2026-02-22T23:24:26","guid":{"rendered":"https:\/\/tinyteh.com\/staging-ty\/?page_id=79"},"modified":"2026-02-27T06:16:28","modified_gmt":"2026-02-27T06:16:28","slug":"kontakt","status":"publish","type":"page","link":"https:\/\/tinyteh.com\/staging-ty\/kontakt\/","title":{"rendered":"Kontakt"},"content":{"rendered":"<section class=\"bde-section-79-100 bde-section\">\n  \n  \n\t\n\n\n\n<div class=\"section-container\"><div class=\"bde-div-79-108 bde-div\">\n  \n  \n\t\n\n\n\n<div class=\"bde-div-79-121 bde-div\">\n  \n  \n\t\n\n\n\n<h2 class=\"bde-heading-79-120 bde-heading\" data-entrance=\"slideLeft\">\nImate ideju,\n<\/h2><div class=\"bde-rich-text-79-115 bde-rich-text breakdance-rich-text-styles\" data-entrance=\"slideLeft\">\n<h5>pitanje ili ve\u0107 gotov projekt?<br \/>Slobodno se javite - ne grizemo!<\/h5>\n<\/div>\n<\/div><div class=\"bde-icon-list-79-116 bde-icon-list\">\n<ul>\n  \n              \n    <li>\n              <div class='bde-icon-list__item-wrapper'>\n      \n      <span class='bde-icon-list__icon'>\n        <svg xmlns=\"http:\/\/www.w3.org\/2000\/svg\" viewBox=\"0 0 512 512\"><!--! Font Awesome Free 6.5.1 by @fontawesome - https:\/\/fontawesome.com License - https:\/\/fontawesome.com\/license\/free (Icons: CC BY 4.0, Fonts: SIL OFL 1.1, Code: MIT License) Copyright 2023 Fonticons, Inc. --><path d=\"M48 64C21.5 64 0 85.5 0 112c0 15.1 7.1 29.3 19.2 38.4L236.8 313.6c11.4 8.5 27 8.5 38.4 0L492.8 150.4c12.1-9.1 19.2-23.3 19.2-38.4c0-26.5-21.5-48-48-48H48zM0 176V384c0 35.3 28.7 64 64 64H448c35.3 0 64-28.7 64-64V176L294.4 339.2c-22.8 17.1-54 17.1-76.8 0L0 176z\"\/><\/svg>\n      <\/span>\n      <span class='bde-icon-list__text' >\n      info@tinyteh.com\n      <\/span>\n              <\/div>\n      \n    <\/li>\n\n  \n              \n    <li>\n              <div class='bde-icon-list__item-wrapper'>\n      \n      <span class='bde-icon-list__icon'>\n        <svg xmlns=\"http:\/\/www.w3.org\/2000\/svg\" viewBox=\"0 0 384 512\"><!--! Font Awesome Free 6.5.1 by @fontawesome - https:\/\/fontawesome.com License - https:\/\/fontawesome.com\/license\/free (Icons: CC BY 4.0, Fonts: SIL OFL 1.1, Code: MIT License) Copyright 2023 Fonticons, Inc. --><path d=\"M215.7 499.2C267 435 384 279.4 384 192C384 86 298 0 192 0S0 86 0 192c0 87.4 117 243 168.3 307.2c12.3 15.3 35.1 15.3 47.4 0zM192 128a64 64 0 1 1 0 128 64 64 0 1 1 0-128z\"\/><\/svg>\n      <\/span>\n      <span class='bde-icon-list__text' >\n      10000 Zagreb, Heinzelova 60\n      <\/span>\n              <\/div>\n      \n    <\/li>\n\n  \n              \n    <li>\n              <div class='bde-icon-list__item-wrapper'>\n      \n      <span class='bde-icon-list__icon'>\n        <svg xmlns=\"http:\/\/www.w3.org\/2000\/svg\" viewBox=\"0 0 384 512\"><!--! Font Awesome Free 6.5.1 by @fontawesome - https:\/\/fontawesome.com License - https:\/\/fontawesome.com\/license\/free (Icons: CC BY 4.0, Fonts: SIL OFL 1.1, Code: MIT License) Copyright 2023 Fonticons, Inc. --><path d=\"M16 64C16 28.7 44.7 0 80 0H304c35.3 0 64 28.7 64 64V448c0 35.3-28.7 64-64 64H80c-35.3 0-64-28.7-64-64V64zM144 448c0 8.8 7.2 16 16 16h64c8.8 0 16-7.2 16-16s-7.2-16-16-16H160c-8.8 0-16 7.2-16 16zM304 64H80V384H304V64z\"\/><\/svg>\n      <\/span>\n      <span class='bde-icon-list__text' >\n      091\/9595 121\n      <\/span>\n              <\/div>\n      \n    <\/li>\n\n  <\/ul>\n\n<\/div>\n<\/div><div class=\"bde-div-79-117 bde-div\">\n              \n  \n  \n\t\n\n  <div class=\"section-background-overlay\"><\/div>\n\n\n\n<\/div><div class=\"bde-div-79-109 bde-div\">\n  \n  \n\t\n\n\n\n<div class=\"bde-form-builder-79-105 bde-form-builder\">\n\n<form id=\"contact-form105\" class=\"breakdance-form breakdance-form--vertical\" data-options=\"{&quot;slug&quot;:&quot;custom&quot;,&quot;name&quot;:&quot;Contact Form&quot;,&quot;ajaxUrl&quot;:&quot;https:\\\/\\\/tinyteh.com\\\/staging-ty\\\/wp-admin\\\/admin-ajax.php&quot;,&quot;clearOnSuccess&quot;:true,&quot;hideOnSuccess&quot;:false,&quot;successMessage&quot;:&quot;Va\\u0161a poruka je primljena&quot;,&quot;errorMessage&quot;:&quot;Ne\\u0161to je po\\u0161lo po zlu&quot;,&quot;redirect&quot;:false,&quot;redirectUrl&quot;:&quot;&quot;,&quot;customJavaScript&quot;:&quot;&quot;,&quot;recaptcha&quot;:{&quot;key&quot;:&quot;&quot;,&quot;enabled&quot;:false},&quot;honeypot_enabled&quot;:false,&quot;popupsOnSuccess&quot;:[],&quot;popupsOnError&quot;:[]}\" data-steps=\"0\" >\n  \n  \n  \n<div class=\"breakdance-form-field breakdance-form-field--text\" >\n    \n    \n            <label class=\"breakdance-form-field__label\" for=\"name\">\n            Ime<span class=\"breakdance-form-field__required\">*<\/span>\n        <\/label>\n    \n    <input\n    class=\"breakdance-form-field__input\"\n    id=\"name\"\n    aria-describedby=\"name\"\n    type=\"text\"\n    name=\"fields[name]\"\n    placeholder=\"\"\n    value=\"\"\n                \n        \n        \n    required\n    \n    \n    \n>\n\n\n    \n    \n<\/div>\n\n\n<div class=\"breakdance-form-field breakdance-form-field--email\" >\n    \n    \n            <label class=\"breakdance-form-field__label\" for=\"email\">\n            Email<span class=\"breakdance-form-field__required\">*<\/span>\n        <\/label>\n    \n    <input\n    class=\"breakdance-form-field__input\"\n    id=\"email\"\n    aria-describedby=\"email\"\n    type=\"email\"\n    name=\"fields[email]\"\n    placeholder=\"\"\n    value=\"\"\n                \n        \n        \n    required\n    \n    \n    \n>\n\n\n    \n    \n<\/div>\n\n\n<div class=\"breakdance-form-field breakdance-form-field--textarea\" >\n    \n    \n            <label class=\"breakdance-form-field__label\" for=\"message\">\n            Poruka<span class=\"breakdance-form-field__required\">*<\/span>\n        <\/label>\n    \n    <textarea\n    class=\"breakdance-form-field__input\"\n    id=\"message\"\n    aria-describedby=\"message\"\n    type=\"textarea\"\n    name=\"fields[message]\"\n        placeholder=\"\"\n    required\n    >\n<\/textarea>\n\n\n    \n    \n<\/div>\n\n\n<div class=\"breakdance-form-field breakdance-form-field--hidden\" >\n    \n    \n    \n    <input\n    id=\"csrf-token-105\"\n    type=\"hidden\"\n    name=\"fields[csrfToken]\"\n    value=\"2a51ef917a\"\n    >\n\n\n    \n    \n<\/div>\n\n\n  \n\n<div class=\"breakdance-form-field breakdance-form-footer\">\n    \n    \n                                    \n    \n    \n    \n    \n            \n            <button type=\"submit\" class=\"button-atom button-atom--primary breakdance-form-button breakdance-form-button__submit\"  >\n    \n        <span class=\"button-atom__text\">PO\u0160ALJI UPIT<\/span>\n\n        \n        \n            <\/button>\n    \n    <input type=\"hidden\" name=\"form_id\" value=\"105\">\n    <input type=\"hidden\" name=\"post_id\" value=\"79\">\n<\/div>\n\n  \n<\/form>\n\n\n<\/div><div class=\"bde-rich-text-79-114 bde-rich-text breakdance-rich-text-styles\">\n<p>Polja ozna\u010dena zvjezdicom su obavezna.<\/p>\n<p>Slanjem ove forme potvr\u0111ujete da se sla\u017eete da \u010duvamo i koristimo va\u0161e osobne podatke kao \u0161to je opisano u na\u0161oj politici privatnosti.<\/p>\n<p>Ukratko, va\u0161i podaci ne\u0107e biti dijeljeni tre\u0107im stranama.<\/p>\n<\/div>\n<\/div><\/div>\n<\/section>","protected":false},"excerpt":{"rendered":"<p>Imate ideju, pitanje ili ve\u0107 gotov projekt?Slobodno se javite &#8211; ne grizemo! info@tinyteh.com 10000 Zagreb, Heinzelova 60 091\/9595 121 Ime* Email* Poruka* PO\u0160ALJI UPIT Polja ozna\u010dena zvjezdicom su obavezna. Slanjem ove forme potvr\u0111ujete da se sla\u017eete da \u010duvamo i koristimo va\u0161e osobne podatke kao \u0161to je opisano u na\u0161oj politici privatnosti. Ukratko, va\u0161i podaci ne\u0107e [&hellip;]<\/p>\n","protected":false},"author":1,"featured_media":0,"parent":0,"menu_order":0,"comment_status":"closed","ping_status":"closed","template":"","meta":{"_breakdance_hide_in_design_set":false,"_breakdance_tags":"","footnotes":""},"class_list":["post-79","page","type-page","status-publish","hentry"],"_links":{"self":[{"href":"https:\/\/tinyteh.com\/staging-ty\/wp-json\/wp\/v2\/pages\/79","targetHints":{"allow":["GET"]}}],"collection":[{"href":"https:\/\/tinyteh.com\/staging-ty\/wp-json\/wp\/v2\/pages"}],"about":[{"href":"https:\/\/tinyteh.com\/staging-ty\/wp-json\/wp\/v2\/types\/page"}],"author":[{"embeddable":true,"href":"https:\/\/tinyteh.com\/staging-ty\/wp-json\/wp\/v2\/users\/1"}],"replies":[{"embeddable":true,"href":"https:\/\/tinyteh.com\/staging-ty\/wp-json\/wp\/v2\/comments?post=79"}],"version-history":[{"count":51,"href":"https:\/\/tinyteh.com\/staging-ty\/wp-json\/wp\/v2\/pages\/79\/revisions"}],"predecessor-version":[{"id":650,"href":"https:\/\/tinyteh.com\/staging-ty\/wp-json\/wp\/v2\/pages\/79\/revisions\/650"}],"wp:attachment":[{"href":"https:\/\/tinyteh.com\/staging-ty\/wp-json\/wp\/v2\/media?parent=79"}],"curies":[{"name":"wp","href":"https:\/\/api.w.org\/{rel}","templated":true}]}}